{"id":50,"date":"2021-05-26T09:41:25","date_gmt":"2021-05-26T07:41:25","guid":{"rendered":"https:\/\/van-we-bike.com\/?page_id=50"},"modified":"2025-08-26T19:10:28","modified_gmt":"2025-08-26T17:10:28","slug":"route","status":"publish","type":"page","link":"https:\/\/van-we-bike.com\/index.php\/route\/","title":{"rendered":"Route"},"content":{"rendered":"\n<p>Seit Juli 2021 sind wir schon ein bisschen rum gekommen: quer durch S\u00fcdeuropa und den Balkan, bis nach Griechenland und die T\u00fcrkei, dann wieder zur\u00fcck und immer weiter gen Westen, an die K\u00fcste von Portugal, und schlie\u00dflich wieder zur\u00fcck nach Deutschland. <br><br>Von dort haben wir dann im Juli 2022 den Van nach Uruguay verschifft und unser Abenteuer auf der Panamericana gestartet &#8211; von Argentinien bis nach Alaska.<\/p>\n\n\n\n<p>Wer uns tagesgenau verfolgen will, oder die genaue Route noch mal nachvollziehen m\u00f6chte, kann dies \u00fcber unser Polarsteps-Profil tun. <br>Dort findet man unseren &#8222;<strong>Van.We.Bike Worldtrip<\/strong>&#8220; auf dem hoffentlich noch viele sch\u00f6ne Stopps hinzu kommen. <br><br>Klicke einfach auf diesen Link: <br><a href=\"https:\/\/www.polarsteps.com\/AnnevonGebhardi\/4258445-van-we-bike-worldtrip\">https:\/\/www.polarsteps.com\/AnnevonGebhardi\/4258445-van-we-bike-worldtrip<\/a><\/p>\n\n\n\n<figure class=\"wp-block-image size-full\"><img loading=\"lazy\" decoding=\"async\" width=\"605\" height=\"541\" src=\"https:\/\/van-we-bike.com\/wp-content\/uploads\/2025\/08\/Polarsteps.png\" alt=\"\" class=\"wp-image-15445\" srcset=\"https:\/\/van-we-bike.com\/wp-content\/uploads\/2025\/08\/Polarsteps.png 605w, https:\/\/van-we-bike.com\/wp-content\/uploads\/2025\/08\/Polarsteps-300x268.png 300w, https:\/\/van-we-bike.com\/wp-content\/uploads\/2025\/08\/Polarsteps-150x134.png 150w\" sizes=\"auto, (max-width: 605px) 100vw, 605px\" \/><figcaption class=\"wp-element-caption\">Ausschnitt unserer Route (Stand Aug. 2025)<\/figcaption><\/figure>\n","protected":false},"excerpt":{"rendered":"<p>Seit Juli 2021 sind wir schon ein bisschen rum gekommen: quer durch S\u00fcdeuropa und den Balkan, bis nach Griechenland und die T\u00fcrkei, dann wieder zur\u00fcck und immer weiter gen Westen, an die K\u00fcste von Portugal, und schlie\u00dflich wieder zur\u00fcck nach Deutschland. Von dort haben wir dann im Juli 2022 den Van nach Uruguay verschifft und [&hellip;]<\/p>\n","protected":false},"author":1,"featured_media":135,"parent":0,"menu_order":0,"comment_status":"closed","ping_status":"closed","template":"","meta":{"two_page_speed":[],"footnotes":""},"class_list":["post-50","page","type-page","status-publish","has-post-thumbnail","hentry"],"_links":{"self":[{"href":"https:\/\/van-we-bike.com\/index.php\/wp-json\/wp\/v2\/pages\/50","targetHints":{"allow":["GET"]}}],"collection":[{"href":"https:\/\/van-we-bike.com\/index.php\/wp-json\/wp\/v2\/pages"}],"about":[{"href":"https:\/\/van-we-bike.com\/index.php\/wp-json\/wp\/v2\/types\/page"}],"author":[{"embeddable":true,"href":"https:\/\/van-we-bike.com\/index.php\/wp-json\/wp\/v2\/users\/1"}],"replies":[{"embeddable":true,"href":"https:\/\/van-we-bike.com\/index.php\/wp-json\/wp\/v2\/comments?post=50"}],"version-history":[{"count":23,"href":"https:\/\/van-we-bike.com\/index.php\/wp-json\/wp\/v2\/pages\/50\/revisions"}],"predecessor-version":[{"id":15448,"href":"https:\/\/van-we-bike.com\/index.php\/wp-json\/wp\/v2\/pages\/50\/revisions\/15448"}],"wp:featuredmedia":[{"embeddable":true,"href":"https:\/\/van-we-bike.com\/index.php\/wp-json\/wp\/v2\/media\/135"}],"wp:attachment":[{"href":"https:\/\/van-we-bike.com\/index.php\/wp-json\/wp\/v2\/media?parent=50"}],"curies":[{"name":"wp","href":"https:\/\/api.w.org\/{rel}","templated":true}]}}