{"id":36,"date":"2021-05-26T08:58:41","date_gmt":"2021-05-26T06:58:41","guid":{"rendered":"https:\/\/van-we-bike.com\/?page_id=36"},"modified":"2025-08-26T19:01:28","modified_gmt":"2025-08-26T17:01:28","slug":"landingpage","status":"publish","type":"page","link":"https:\/\/van-we-bike.com\/","title":{"rendered":"Herzlich Willkommen"},"content":{"rendered":"\n<h2 class=\"wp-block-heading\">&#8230; und bitte einsteigen, wir fahren einmal um die Welt!<\/h2>\n\n\n\n<p>Seit dem 16. Juli 2021 sind wir unterwegs und leben das Vanlife.<\/p>\n\n\n\n<p>Zun\u00e4chst f\u00fchrte uns unsere Reise ein Jahr lang quer durch Europa \u2013 einmal von Ost nach West.<\/p>\n\n\n\n<p>Im Juli 2022 war es dann so weit: Unser Van trat in Hamburg die gro\u00dfe \u00dcberfahrt nach Uruguay an. Einen Monat sp\u00e4ter starteten wir dort unsere gro\u00dfe Traumreise \u2013 die Panamericana, die l\u00e4ngste Stra\u00dfenverbindung der Welt. Unser Ziel: von Argentinien bis nach Alaska fahren.<\/p>\n\n\n\n<p>14 Monate lang bereisten wir S\u00fcdamerika und wagten sogar einen Abstecher in die Antarktis, bevor wir unseren Van \u00fcber das ber\u00fcchtigte Dari\u00e9n-Gap nach Mexiko verschifften. Von dort aus ging es weiter. Insgesamt 17 Monate verbrachten wir in Zentralamerika und Mexiko.<\/p>\n\n\n\n<p>Ende M\u00e4rz 2025 lie\u00dfen wir Lateinamerika schlie\u00dflich hinter uns und \u00fcberquerten die Grenze in die USA. Unser gro\u00dfes Ziel, Alaska und der Arktische Ozean, war nun zum Greifen nah \u2013 mit ein paar kleinen und gro\u00dfen Hindernissen.<\/p>\n\n\n\n<p>Unter dem Men\u00fcpunkt &#8222;<a href=\"https:\/\/van-we-bike.com\/index.php\/blog\/\">Blog<\/a>&#8220; findest du unsere neuesten Beitr\u00e4ge zu allen Reisel\u00e4ndern. Und der Men\u00fcpunkt &#8222;<a href=\"https:\/\/van-we-bike.com\/index.php\/route\/\" target=\"_blank\" rel=\"noreferrer noopener\">Unsere Route<\/a>&#8220; zeigt dir jederzeit, wo wir im Moment gerade unterwegs sind.<\/p>\n\n\n\n<p><strong>Sch\u00f6n das du dabei bist!<\/strong><\/p>\n\n\n\n<p><em>\u00dcbrigens: Wenn du uns auf unserer Reise unterst\u00fctzen m\u00f6chtest, freuen wir \u00fcber einen Beitrag in unsere Diesel-Kasse. Das geht ganz einfach mit <a href=\"http:\/\/paypal.me\/VanWeBike\">diesem PayPal Link<\/a>.<\/em><\/p>\n\n\n\n<p><\/p>\n","protected":false},"excerpt":{"rendered":"<p>&#8230; und bitte einsteigen, wir fahren einmal um die Welt! Seit dem 16. Juli 2021 sind wir unterwegs und leben das Vanlife. Zun\u00e4chst f\u00fchrte uns unsere Reise ein Jahr lang quer durch Europa \u2013 einmal von Ost nach West. Im Juli 2022 war es dann so weit: Unser Van trat in Hamburg die gro\u00dfe \u00dcberfahrt [&hellip;]<\/p>\n","protected":false},"author":1,"featured_media":246,"parent":0,"menu_order":0,"comment_status":"closed","ping_status":"closed","template":"","meta":{"two_page_speed":[],"footnotes":""},"class_list":["post-36","page","type-page","status-publish","has-post-thumbnail","hentry"],"_links":{"self":[{"href":"https:\/\/van-we-bike.com\/index.php\/wp-json\/wp\/v2\/pages\/36","targetHints":{"allow":["GET"]}}],"collection":[{"href":"https:\/\/van-we-bike.com\/index.php\/wp-json\/wp\/v2\/pages"}],"about":[{"href":"https:\/\/van-we-bike.com\/index.php\/wp-json\/wp\/v2\/types\/page"}],"author":[{"embeddable":true,"href":"https:\/\/van-we-bike.com\/index.php\/wp-json\/wp\/v2\/users\/1"}],"replies":[{"embeddable":true,"href":"https:\/\/van-we-bike.com\/index.php\/wp-json\/wp\/v2\/comments?post=36"}],"version-history":[{"count":24,"href":"https:\/\/van-we-bike.com\/index.php\/wp-json\/wp\/v2\/pages\/36\/revisions"}],"predecessor-version":[{"id":15443,"href":"https:\/\/van-we-bike.com\/index.php\/wp-json\/wp\/v2\/pages\/36\/revisions\/15443"}],"wp:featuredmedia":[{"embeddable":true,"href":"https:\/\/van-we-bike.com\/index.php\/wp-json\/wp\/v2\/media\/246"}],"wp:attachment":[{"href":"https:\/\/van-we-bike.com\/index.php\/wp-json\/wp\/v2\/media?parent=36"}],"curies":[{"name":"wp","href":"https:\/\/api.w.org\/{rel}","templated":true}]}}