{"id":1137,"date":"2021-11-09T10:28:59","date_gmt":"2021-11-09T09:28:59","guid":{"rendered":"https:\/\/van-we-bike.com\/?page_id=1137"},"modified":"2022-09-20T01:42:04","modified_gmt":"2022-09-19T23:42:04","slug":"technik-ecke","status":"publish","type":"page","link":"https:\/\/van-we-bike.com\/index.php\/technik-ecke\/","title":{"rendered":"Technik &#038; Logistik"},"content":{"rendered":"\n<p>Rund um den Van gibt es immer mal wieder technische Aufgaben zu l\u00f6sen. Es ist eben ein &#8222;Haus auf R\u00e4dern&#8220;, um das man sich k\u00fcmmern muss. Zu manchen Themen gibt es gelegentlich Berichte auf dieser Seite.<\/p>\n\n\n\n\n","protected":false},"excerpt":{"rendered":"<p>Rund um den Van gibt es immer mal wieder technische Aufgaben zu l\u00f6sen. Es ist eben ein &#8222;Haus auf R\u00e4dern&#8220;, um das man sich k\u00fcmmern muss. Zu manchen Themen gibt es gelegentlich Berichte auf dieser Seite.<\/p>\n","protected":false},"author":2,"featured_media":713,"parent":0,"menu_order":0,"comment_status":"closed","ping_status":"closed","template":"","meta":{"two_page_speed":[],"footnotes":""},"class_list":["post-1137","page","type-page","status-publish","has-post-thumbnail","hentry"],"_links":{"self":[{"href":"https:\/\/van-we-bike.com\/index.php\/wp-json\/wp\/v2\/pages\/1137","targetHints":{"allow":["GET"]}}],"collection":[{"href":"https:\/\/van-we-bike.com\/index.php\/wp-json\/wp\/v2\/pages"}],"about":[{"href":"https:\/\/van-we-bike.com\/index.php\/wp-json\/wp\/v2\/types\/page"}],"author":[{"embeddable":true,"href":"https:\/\/van-we-bike.com\/index.php\/wp-json\/wp\/v2\/users\/2"}],"replies":[{"embeddable":true,"href":"https:\/\/van-we-bike.com\/index.php\/wp-json\/wp\/v2\/comments?post=1137"}],"version-history":[{"count":8,"href":"https:\/\/van-we-bike.com\/index.php\/wp-json\/wp\/v2\/pages\/1137\/revisions"}],"predecessor-version":[{"id":3540,"href":"https:\/\/van-we-bike.com\/index.php\/wp-json\/wp\/v2\/pages\/1137\/revisions\/3540"}],"wp:featuredmedia":[{"embeddable":true,"href":"https:\/\/van-we-bike.com\/index.php\/wp-json\/wp\/v2\/media\/713"}],"wp:attachment":[{"href":"https:\/\/van-we-bike.com\/index.php\/wp-json\/wp\/v2\/media?parent=1137"}],"curies":[{"name":"wp","href":"https:\/\/api.w.org\/{rel}","templated":true}]}}